{"id":25,"date":"2017-05-17T20:05:52","date_gmt":"2017-05-17T18:05:52","guid":{"rendered":"https:\/\/www.comprafan.it\/ASA\/?page_id=25"},"modified":"2025-07-08T15:48:03","modified_gmt":"2025-07-08T13:48:03","slug":"contatti","status":"publish","type":"page","link":"https:\/\/www.accademiastefanoanselmo.com\/en\/contatti\/","title":{"rendered":"Contacts"},"content":{"rendered":"<section class=\"wpb-content-wrapper\"><div class=\"vc_row wpb_row vc_row-fluid\"><div class=\"wpb_column vc_column_container vc_col-sm-12\"><div class=\"vc_column-inner\"><div class=\"wpb_wrapper\">\n\t<div class=\"wpb_text_column wpb_content_element\" >\n\t\t<div class=\"wpb_wrapper\">\n\t\t\t<p><img src=\"https:\/\/www.accademiastefanoanselmo.com\/wp-content\/uploads\/2017\/07\/tiktok.png\" \/><\/p>\n\n\t\t<\/div>\n\t<\/div>\n<\/div><\/div><\/div><\/div><section data-vc-full-width=\"true\" data-vc-full-width-init=\"false\" class=\"vc_section\"><div class=\"vc_row wpb_row vc_row-fluid vc_row-o-content-top vc_row-flex\"><div class=\"wpb_column vc_column_container vc_col-sm-4 vc_col-lg-4 vc_col-md-6 text-align-center-sm-ms\"><div class=\"vc_column-inner\"><div class=\"wpb_wrapper\"><div class=\"ltx-content-width col-align-left\" id=\"like_sc_content_width_2107218721\" style=\"max-width: 370px\"><div class=\"ltx-wrapper\"><div class=\"heading  header-subheader align-left color-black transform-default theme-icon-second icon-type-hidden   vc_custom_1657548823459 heading-tag-h1\" id=\"like_sc_header_1757046629\"><h1 class=\"header ltx-sr-id-like_sc_header_17570466291778895202 ltx-sr ltx-sr-effect-fade_in ltx-sr-el-block ltx-sr-delay-0 ltx-sr-duration-1000 ltx-sr-sequences-0\">CONTACTS<\/h1><\/div><div class=\"align-Left\"><ul class=\"social-icons-list   vc_custom_1751982467079 icon-weight-bold\" id=\"like_sc_header_44514363\"><li class=\"\"><span class=\"icon-information\"><\/span><span class=\"head\">Tel. <a href=\"tel:%20+39.02.3952.0917\">+39.02.3952.0917<\/a>  monday to Friday from 8.30 to 18.00<\/span><\/li><li class=\"\"><span class=\"icon-phone-call\"><\/span><span class=\"head\"><a href=\"tel:%20+39.320.9113331\">+39.320.9113331<\/a>  monday to Friday from 8.30 to 18.00<\/span><\/li><li class=\"\"><a href=\"#\"><span class=\"icon-mail\"><\/span><span class=\"head\"><a href=\"mailto:info@accademiastefanoanselmo.com\">info@accademiastefanoanselmo.com<\/a><\/span><\/a><\/li><li class=\"\"><span class=\"icon-placeholder\"><\/span><span class=\"head\">Via Filargo 36, 20143 Milano (Romolo M2)<\/span><\/li><\/ul><\/div><div class=\"align-Left\"><ul class=\"social-big icon-weight-bold\" id=\"like_sc_header_1927550420\"><li><a href=\"https:\/\/www.facebook.com\/accademiastefanoanselmofficial\" class=\"ltx-social-color fab fa-facebook-f\"><\/a><\/li><li><a href=\"https:\/\/www.instagram.com\/accademiastefanoanselmo\" class=\"ltx-social-color fab fa-instagram\"><\/a><\/li><li><a href=\"https:\/\/it.linkedin.com\/company\/accademiastefanoanselmo\" class=\"ltx-social-color fab fa-linkedin\"><\/a><\/li><li><a href=\"https:\/\/www.youtube.com\/user\/stefanoanselmomakeup\" class=\"ltx-social-color fab fa-youtube\"><\/a><\/li><li><a href=\"https:\/\/www.tiktok.com\/@asa_makeup_official?_t=8pbNoCpEK2L&#038;_r=1\" class=\"ltx-social-color fas fa-music\"><\/a><\/li><\/ul><\/div><\/div><\/div><\/div><\/div><\/div><div class=\"wpb_column vc_column_container vc_col-sm-8\"><div class=\"vc_column-inner\"><div class=\"wpb_wrapper\"><div class=\"wpb_gmaps_widget wpb_content_element\"><div class=\"wpb_wrapper\"><div class=\"wpb_map_wraper\"><iframe src=\"https:\/\/www.google.com\/maps\/embed?pb=!1m18!1m12!1m3!1d5598.650599836419!2d9.163721976551399!3d45.44310053484596!2m3!1f0!2f0!3f0!3m2!1i1024!2i768!4f13.1!3m3!1m2!1s0x4786c3f28979e479%3A0x9446360ad207f417!2sVia%20Pietro%20Filargo%2C%2036%2C%2020143%20Milano%20MI!5e0!3m2!1sit!2sit!4v1726057314584!5m2!1sit!2sit\" width=\"600\" height=\"450\" style=\"border:0;\" allowfullscreen=\"\" loading=\"lazy\" referrerpolicy=\"no-referrer-when-downgrade\"><\/iframe><\/div><\/div><\/div><\/div><\/div><\/div><\/div><div class=\"vc_row wpb_row vc_row-fluid vc_hidden-lg vc_hidden-md\"><div class=\"wpb_column vc_column_container vc_col-sm-12\"><div class=\"vc_column-inner\"><div class=\"wpb_wrapper\"><div class=\"es-resp\">\t<div class=\"visible-xl\" style=\"height: 70px;\"><\/div>\t<div class=\"hidden-xl hidden-md hidden-sm hidden-ms hidden-xs\" style=\"height: 70px;\"><\/div>\t<div class=\"visible-md\" style=\"height: 70px;\"><\/div>\t<div class=\"visible-sm\" style=\"height: 70px;\"><\/div>\t<div class=\"visible-ms\" style=\"height: 70px;\"><\/div>\t<div class=\"visible-xs\" style=\"height: 70px;\"><\/div><\/div><div class=\"vc_separator wpb_content_element vc_separator_align_center vc_sep_width_100 vc_sep_pos_align_center vc_separator_no_text vc_sep_color_peacoc\" ><span class=\"vc_sep_holder vc_sep_holder_l\"><span class=\"vc_sep_line\"><\/span><\/span><span class=\"vc_sep_holder vc_sep_holder_r\"><span class=\"vc_sep_line\"><\/span><\/span>\n<\/div><\/div><\/div><\/div><\/div><div class=\"vc_row wpb_row vc_row-fluid\"><div class=\"wpb_column vc_column_container vc_col-sm-12\"><div class=\"vc_column-inner\"><div class=\"wpb_wrapper\"><div class=\"ltx-content-width   vc_custom_1633853106927 col-align-center\" id=\"like_sc_content_width_1079430814\" style=\"max-width: 1050px\"><div class=\"ltx-wrapper\"><div class=\"heading  header-subheader align-center color-black subcolor-main transform-default theme-icon-second icon-type-default   vc_custom_1633860109697 heading-tag-h3\" id=\"like_sc_header_1993342615\"><h3 class=\"header ltx-sr-id-like_sc_header_19933426151361615632 ltx-sr ltx-sr-effect-fade_in ltx-sr-el-block ltx-sr-delay-0 ltx-sr-duration-1000 ltx-sr-sequences-0\">Contact us<\/h3><\/div><div class=\"ltx-contact-form-7 transform-default form-center form-gray form-bg-gray form-style-default form-btn-default form-btn-default form-padding-none    vc_custom_1633827892830\" id=\"like_sc_contact_form_7_691878787\">\n<div class=\"wpcf7 no-js\" id=\"wpcf7-f1555-o2\" lang=\"en-US\" dir=\"ltr\">\n<div class=\"screen-reader-response\"><p role=\"status\" aria-live=\"polite\" aria-atomic=\"true\"><\/p> <ul><\/ul><\/div>\n<form action=\"\/en\/wp-json\/wp\/v2\/pages\/25#wpcf7-f1555-o2\" method=\"post\" class=\"wpcf7-form init\" aria-label=\"Contact form\" novalidate=\"novalidate\" data-status=\"init\" data-trp-original-action=\"\/en\/wp-json\/wp\/v2\/pages\/25#wpcf7-f1555-o2\">\n<div style=\"display: none;\">\n<input type=\"hidden\" name=\"_wpcf7\" value=\"1555\" \/>\n<input type=\"hidden\" name=\"_wpcf7_version\" value=\"5.7.4\" \/>\n<input type=\"hidden\" name=\"_wpcf7_locale\" value=\"en_US\" \/>\n<input type=\"hidden\" name=\"_wpcf7_unit_tag\" value=\"wpcf7-f1555-o2\" \/>\n<input type=\"hidden\" name=\"_wpcf7_container_post\" value=\"0\" \/>\n<input type=\"hidden\" name=\"_wpcf7_posted_data_hash\" value=\"\" \/>\n<input type=\"hidden\" name=\"_wpcf7_recaptcha_response\" value=\"\" \/>\n<\/div>\n<div class=\"row\">\n\t<div class=\"col-lg-6\">\n\t\t<p><span class=\"wpcf7-form-control-wrap\" data-name=\"nome\"><input size=\"40\" class=\"wpcf7-form-control wpcf7-text wpcf7-validates-as-required\" aria-required=\"true\" aria-invalid=\"false\" placeholder=\"First name*\" value=\"\" type=\"text\" name=\"nome\" \/><\/span>\n\t\t<\/p>\n\t<\/div>\n\t<div class=\"col-lg-6\">\n\t\t<p><span class=\"wpcf7-form-control-wrap\" data-name=\"cognome\"><input size=\"40\" class=\"wpcf7-form-control wpcf7-text wpcf7-validates-as-required\" aria-required=\"true\" aria-invalid=\"false\" placeholder=\"Last name*\" value=\"\" type=\"text\" name=\"cognome\" \/><\/span>\n\t\t<\/p>\n\t<\/div>\n\t<div class=\"col-lg-6\">\n\t\t<p><span class=\"wpcf7-form-control-wrap\" data-name=\"email\"><input size=\"40\" class=\"wpcf7-form-control wpcf7-text wpcf7-email wpcf7-validates-as-required wpcf7-validates-as-email\" aria-required=\"true\" aria-invalid=\"false\" placeholder=\"Email*\" value=\"\" type=\"email\" name=\"email\" \/><\/span>\n\t\t<\/p>\n\t<\/div>\n\t<div class=\"col-lg-6\">\n\t\t<p><span class=\"wpcf7-form-control-wrap\" data-name=\"tel\"><input size=\"40\" class=\"wpcf7-form-control wpcf7-text wpcf7-tel wpcf7-validates-as-tel\" aria-invalid=\"false\" placeholder=\"Phone\" value=\"\" type=\"tel\" name=\"tel\" \/><\/span>\n\t\t<\/p>\n\t<\/div>\n<\/div>\n<p><span class=\"wpcf7-form-control-wrap\" data-name=\"your-message\"><textarea cols=\"40\" rows=\"10\" class=\"wpcf7-form-control wpcf7-textarea wpcf7-validates-as-required\" aria-required=\"true\" aria-invalid=\"false\" placeholder=\"Message*\" name=\"your-message\"><\/textarea><\/span>\n<\/p>\n<div>\n\t<p style=\"color:black;\"><b>Come vuoi essere contattato:<\/b>\n\t<\/p>\n\t<div class=\"col-lg-12\">\n\t\t<p><br \/>\n<span class=\"wpcf7-form-control-wrap\" data-name=\"contatto-preferito\"><br \/>\n<span class=\"wpcf7-form-control wpcf7-radio\"><br \/>\n<span class=\"wpcf7-list-item\"><br \/>\n<\/span><\/span><\/span>\n\t\t<\/p>\n\t\t<div checkbox=\"contatto_multiplo\">\n\t\t\t<p><label><br \/>\n<input type=\"radio\" name=\"contatto-preferito\" value=\"mail\" aria-invalid=\"false\" \/><br \/>\n<span class=\"wpcf7-list-item-label\">Mail<br \/>\n<\/span><\/label><br \/>\n<br \/>\n<span class=\"wpcf7-list-item\"><br \/>\n<\/span>\n\t\t\t<\/p>\n\t\t<\/div>\n\t\t<div checkbox=\"contatto_multiplo\">\n\t\t\t<p><input type=\"radio\" name=\"contatto-preferito\" value=\"telefonata\" aria-invalid=\"false\" \/><br \/>\n<span class=\"wpcf7-list-item-label\">Telefonata<br \/>\n<\/span><br \/>\n<span class=\"wpcf7-list-item\"><br \/>\n<\/span>\n\t\t\t<\/p>\n\t\t<\/div>\n\t\t<p><label><br \/>\n<\/label>\n\t\t<\/p>\n\t\t<div checkbox=\"contatto_multiplo\">\n\t\t\t<p><label><br \/>\n<input type=\"radio\" name=\"contatto-preferito\" value=\"messaggio\" aria-invalid=\"false\" \/><br \/>\n<span class=\"wpcf7-list-item-label\">Messaggio<br \/>\n<\/span><\/label><br \/>\n<br \/>\n<br \/>\n\t\t\t<\/p>\n\t\t\t<style>\n.wpcf7-list-item {\n display: block;\n margin-bottom: 0px;\n }\n\n .wpcf7-radio input[type=\"radio\"] {\n margin-right: 6px;\n }\n\t\t\t<\/style>\n\t\t<\/div>\n\t<\/div>\n<\/div>\n<p style=\"color:black;\"><b>Privacy<\/b>\n<\/p>\n<p style=\"color:black;\">By sending the request, I declare that I have read the<a href=\"https:\/\/www.accademiastefanoanselmo.com\/privacy-policy\/\" target=\"_blank\"> privacy policy<\/a> and I agree to the processing of data for the provision of the requested service or the response to the request for information.\n<\/p>\n<div class=\"col-lg-12\">\n\t<p><span class=\"wpcf7-form-control-wrap\" data-name=\"acceptance-500\"><span class=\"wpcf7-form-control wpcf7-acceptance\"><span class=\"wpcf7-list-item\"><label><input type=\"checkbox\" name=\"acceptance-500\" value=\"1\" aria-invalid=\"false\" \/><span class=\"wpcf7-list-item-label\">consent to the processing of data as resulting from the privacy policy for the purpose of sending promotional material by the data controller companies<\/span><\/label><\/span><\/span><\/span><span class=\"wpcf7-form-control-wrap\" data-name=\"acceptance-501\"><span class=\"wpcf7-form-control wpcf7-acceptance\"><span class=\"wpcf7-list-item\"><label><input type=\"checkbox\" name=\"acceptance-501\" value=\"1\" aria-invalid=\"false\" \/><span class=\"wpcf7-list-item-label\">I consent to the processing of data as resulting from the privacy policy for the purposes of communication to third parties<\/span><\/label><\/span><\/span><\/span><span class=\"wpcf7-form-control-wrap\" data-name=\"acceptance-501\"><span class=\"wpcf7-form-control wpcf7-acceptance\"><span class=\"wpcf7-list-item\"><label><input type=\"checkbox\" name=\"acceptance-501\" value=\"1\" aria-invalid=\"false\" \/><span class=\"wpcf7-list-item-label\">Consenso a ricevere comunicazioni da Accademia Stefano Anselmo<\/span><\/label><\/span><\/span><\/span>\n\t<\/p>\n\t<p>&nbsp\n\t<\/p>\n\n\t<div class=\"col-lg-6\">\n\t\t<p><input class=\"wpcf7-form-control has-spinner wpcf7-submit\" type=\"submit\" value=\"Invia\" \/>\n\t\t<\/p>\n\t<\/div>\n<\/div><input type='hidden' class='wpcf7-pum' value='{\"closepopup\":false,\"closedelay\":0,\"openpopup\":false,\"openpopup_id\":0}' \/><div class=\"wpcf7-response-output\" aria-hidden=\"true\"><\/div>\n<input type=\"hidden\" name=\"trp-form-language\" value=\"en\"\/><\/form>\n<\/div>\n<\/div><div class=\"es-resp\">\t<div class=\"visible-xl\" style=\"height: 130px;\"><\/div>\t<div class=\"hidden-xl hidden-md hidden-sm hidden-ms hidden-xs\" style=\"height: 130px;\"><\/div>\t<div class=\"visible-md\" style=\"height: 130px;\"><\/div>\t<div class=\"visible-sm\" style=\"height: 130px;\"><\/div>\t<div class=\"visible-ms\" style=\"height: 130px;\"><\/div>\t<div class=\"visible-xs\" style=\"height: 130px;\"><\/div><\/div><\/div><\/div><\/div><\/div><\/div><\/div><div class=\"vc_row wpb_row vc_row-fluid vc_hidden-sm vc_hidden-xs\"><div class=\"wpb_column vc_column_container vc_col-sm-12\"><div class=\"vc_column-inner\"><div class=\"wpb_wrapper\"><div class=\"es-resp\">\t<div class=\"hidden-xl hidden-md hidden-sm hidden-ms hidden-xs\" style=\"height: 64px;\"><\/div>\t<div class=\"visible-md\" style=\"height: 64px;\"><\/div>\t<div class=\"visible-sm\" style=\"height: 64px;\"><\/div>\t<div class=\"visible-ms\" style=\"height: 64px;\"><\/div>\t<div class=\"visible-xs\" style=\"height: 64px;\"><\/div><\/div><\/div><\/div><\/div><\/div><\/section><div class=\"vc_row-full-width vc_clearfix\"><\/div>\n<\/section>","protected":false},"excerpt":{"rendered":"CONTATTITel. +39.02.3952.0917 dal luned\u00ec al venerd\u00ec dalle ore 8.30 alle ore 18.00+39.320.9113331 dal luned\u00ec al venerd\u00ec dalle ore 8.30 alle ore 18.00info@accademiastefanoanselmo.comVia Filargo 36, 20143 Milano (Romolo M2) Contattaci Come vuoi essere contattato: Mail Telefonata Messaggio Privacy Con l\u2019invio della richiesta dichiaro di aver preso visione dell' informativa privacy e acconsento al trattamento dei dati per l\u2019erogazione del servizio richiesto o della risposta alla richiesta di informazioni. Acconsento al trattamento dei dati come risultante dall\u2019informativa privacy per le finalit\u00e0 di invio di materiale promozionale da parte delle societ\u00e0 titolari del trattamentoAcconsento al trattamento dei dati come risultante dall\u2019informativa privacy per le finalit\u00e0 di comunicazione a soggetti terziConsenso a ricevere comunicazioni da Accademia Stefano Anselmo &nbsp","protected":false},"author":1,"featured_media":0,"parent":0,"menu_order":0,"comment_status":"closed","ping_status":"closed","template":"page-templates\/full-width.php","meta":{"_links_to":"","_links_to_target":""},"yoast_head":"<!-- This site is optimized with the Yoast SEO plugin v20.3 - https:\/\/yoast.com\/wordpress\/plugins\/seo\/ -->\n<title>Contatti: informazioni e richieste sui Corsi Make-Up | ASA<\/title>\n<meta name=\"description\" content=\"Tutte le informazioni utili per contattare tramite sito, telefonicamente o via mail Accademia Stefano Anselmo.\" \/>\n<meta name=\"robots\" content=\"index, follow, max-snippet:-1, max-image-preview:large, max-video-preview:-1\" \/>\n<link rel=\"canonical\" href=\"https:\/\/www.accademiastefanoanselmo.com\/en\/contatti\/\" \/>\n<meta property=\"og:locale\" content=\"en_US\" \/>\n<meta property=\"og:type\" content=\"article\" \/>\n<meta property=\"og:title\" content=\"Contatti: informazioni e richieste sui Corsi Make-Up | ASA\" \/>\n<meta property=\"og:description\" content=\"Tutte le informazioni utili per contattare tramite sito, telefonicamente o via mail Accademia Stefano Anselmo.\" \/>\n<meta property=\"og:url\" content=\"https:\/\/www.accademiastefanoanselmo.com\/en\/contatti\/\" \/>\n<meta property=\"og:site_name\" content=\"Accademia Stefano Anselmo\" \/>\n<meta property=\"article:modified_time\" content=\"2025-07-08T13:48:03+00:00\" \/>\n<meta property=\"og:image\" content=\"https:\/\/www.accademiastefanoanselmo.com\/wp-content\/uploads\/2017\/07\/tiktok.png\" \/>\n<meta name=\"twitter:card\" content=\"summary_large_image\" \/>\n<meta name=\"twitter:label1\" content=\"Est. reading time\" \/>\n\t<meta name=\"twitter:data1\" content=\"3 minutes\" \/>\n<script type=\"application\/ld+json\" class=\"yoast-schema-graph\">{\"@context\":\"https:\/\/schema.org\",\"@graph\":[{\"@type\":\"WebPage\",\"@id\":\"https:\/\/www.accademiastefanoanselmo.com\/contatti\/\",\"url\":\"https:\/\/www.accademiastefanoanselmo.com\/contatti\/\",\"name\":\"Contatti: informazioni e richieste sui Corsi Make-Up | ASA\",\"isPartOf\":{\"@id\":\"https:\/\/www.accademiastefanoanselmo.com\/#website\"},\"datePublished\":\"2017-05-17T18:05:52+00:00\",\"dateModified\":\"2025-07-08T13:48:03+00:00\",\"description\":\"Tutte le informazioni utili per contattare tramite sito, telefonicamente o via mail Accademia Stefano Anselmo.\",\"breadcrumb\":{\"@id\":\"https:\/\/www.accademiastefanoanselmo.com\/contatti\/#breadcrumb\"},\"inLanguage\":\"en-US\",\"potentialAction\":[{\"@type\":\"ReadAction\",\"target\":[\"https:\/\/www.accademiastefanoanselmo.com\/contatti\/\"]}]},{\"@type\":\"BreadcrumbList\",\"@id\":\"https:\/\/www.accademiastefanoanselmo.com\/contatti\/#breadcrumb\",\"itemListElement\":[{\"@type\":\"ListItem\",\"position\":1,\"name\":\"Home\",\"item\":\"https:\/\/www.accademiastefanoanselmo.com\/\"},{\"@type\":\"ListItem\",\"position\":2,\"name\":\"Contatti\"}]},{\"@type\":\"WebSite\",\"@id\":\"https:\/\/www.accademiastefanoanselmo.com\/#website\",\"url\":\"https:\/\/www.accademiastefanoanselmo.com\/\",\"name\":\"Accademia Stefano Anselmo\",\"description\":\"Accademia Stefano Anselmo \u00e8 l\u2019Accademia di make up per eccellenza, fondata dal Maestro Stefano Anselmo pi\u00f9 di 50 anni fa a Milano. I corsi di trucco si basano esclusivamente sul &quot;Metodo Stefano Anselmo \u00a9&quot;, in particolare il corso makeup annuale \u00e8 un mix tra trucco beauty, trucco sposa, teatrale, artistico, cine tv, digital make up ed hair design.\",\"potentialAction\":[{\"@type\":\"SearchAction\",\"target\":{\"@type\":\"EntryPoint\",\"urlTemplate\":\"https:\/\/www.accademiastefanoanselmo.com\/?s={search_term_string}\"},\"query-input\":\"required name=search_term_string\"}],\"inLanguage\":\"en-US\"}]}<\/script>\n<!-- \/ Yoast SEO plugin. -->","yoast_head_json":{"title":"Contatti: informazioni e richieste sui Corsi Make-Up | ASA","description":"Tutte le informazioni utili per contattare tramite sito, telefonicamente o via mail Accademia Stefano Anselmo.","robots":{"index":"index","follow":"follow","max-snippet":"max-snippet:-1","max-image-preview":"max-image-preview:large","max-video-preview":"max-video-preview:-1"},"canonical":"https:\/\/www.accademiastefanoanselmo.com\/en\/contatti\/","og_locale":"en_US","og_type":"article","og_title":"Contatti: informazioni e richieste sui Corsi Make-Up | ASA","og_description":"Tutte le informazioni utili per contattare tramite sito, telefonicamente o via mail Accademia Stefano Anselmo.","og_url":"https:\/\/www.accademiastefanoanselmo.com\/en\/contatti\/","og_site_name":"Accademia Stefano Anselmo","article_modified_time":"2025-07-08T13:48:03+00:00","og_image":[{"url":"https:\/\/www.accademiastefanoanselmo.com\/wp-content\/uploads\/2017\/07\/tiktok.png"}],"twitter_card":"summary_large_image","twitter_misc":{"Est. reading time":"3 minutes"},"schema":{"@context":"https:\/\/schema.org","@graph":[{"@type":"WebPage","@id":"https:\/\/www.accademiastefanoanselmo.com\/contatti\/","url":"https:\/\/www.accademiastefanoanselmo.com\/contatti\/","name":"Contatti: informazioni e richieste sui Corsi Make-Up | ASA","isPartOf":{"@id":"https:\/\/www.accademiastefanoanselmo.com\/#website"},"datePublished":"2017-05-17T18:05:52+00:00","dateModified":"2025-07-08T13:48:03+00:00","description":"Tutte le informazioni utili per contattare tramite sito, telefonicamente o via mail Accademia Stefano Anselmo.","breadcrumb":{"@id":"https:\/\/www.accademiastefanoanselmo.com\/contatti\/#breadcrumb"},"inLanguage":"en-US","potentialAction":[{"@type":"ReadAction","target":["https:\/\/www.accademiastefanoanselmo.com\/contatti\/"]}]},{"@type":"BreadcrumbList","@id":"https:\/\/www.accademiastefanoanselmo.com\/contatti\/#breadcrumb","itemListElement":[{"@type":"ListItem","position":1,"name":"Home","item":"https:\/\/www.accademiastefanoanselmo.com\/"},{"@type":"ListItem","position":2,"name":"Contatti"}]},{"@type":"WebSite","@id":"https:\/\/www.accademiastefanoanselmo.com\/#website","url":"https:\/\/www.accademiastefanoanselmo.com\/","name":"Accademia Stefano Anselmo","description":"Accademia Stefano Anselmo \u00e8 l\u2019Accademia di make up per eccellenza, fondata dal Maestro Stefano Anselmo pi\u00f9 di 50 anni fa a Milano. I corsi di trucco si basano esclusivamente sul &quot;Metodo Stefano Anselmo \u00a9&quot;, in particolare il corso makeup annuale \u00e8 un mix tra trucco beauty, trucco sposa, teatrale, artistico, cine tv, digital make up ed hair design.","potentialAction":[{"@type":"SearchAction","target":{"@type":"EntryPoint","urlTemplate":"https:\/\/www.accademiastefanoanselmo.com\/?s={search_term_string}"},"query-input":"required name=search_term_string"}],"inLanguage":"en-US"}]}},"blog_post_layout_featured_media_urls":{"thumbnail":"","full":""},"categories_names":null,"comments_number":"0","_links":{"self":[{"href":"https:\/\/www.accademiastefanoanselmo.com\/en\/wp-json\/wp\/v2\/pages\/25"}],"collection":[{"href":"https:\/\/www.accademiastefanoanselmo.com\/en\/wp-json\/wp\/v2\/pages"}],"about":[{"href":"https:\/\/www.accademiastefanoanselmo.com\/en\/wp-json\/wp\/v2\/types\/page"}],"author":[{"embeddable":true,"href":"https:\/\/www.accademiastefanoanselmo.com\/en\/wp-json\/wp\/v2\/users\/1"}],"replies":[{"embeddable":true,"href":"https:\/\/www.accademiastefanoanselmo.com\/en\/wp-json\/wp\/v2\/comments?post=25"}],"version-history":[{"count":8,"href":"https:\/\/www.accademiastefanoanselmo.com\/en\/wp-json\/wp\/v2\/pages\/25\/revisions"}],"predecessor-version":[{"id":14381,"href":"https:\/\/www.accademiastefanoanselmo.com\/en\/wp-json\/wp\/v2\/pages\/25\/revisions\/14381"}],"wp:attachment":[{"href":"https:\/\/www.accademiastefanoanselmo.com\/en\/wp-json\/wp\/v2\/media?parent=25"}],"curies":[{"name":"wp","href":"https:\/\/api.w.org\/{rel}","templated":true}]}}