{"id":9000,"date":"2021-10-10T02:04:52","date_gmt":"2021-10-10T00:04:52","guid":{"rendered":"https:\/\/www.socialmonsters.it\/ASA\/?page_id=9000"},"modified":"2022-08-25T05:46:10","modified_gmt":"2022-08-25T03:46:10","slug":"biografia-stefano-anselmo","status":"publish","type":"page","link":"https:\/\/www.accademiastefanoanselmo.com\/en\/biografia-stefano-anselmo\/","title":{"rendered":"BIOGRAPHY OF STEFANO ANSELMO"},"content":{"rendered":"<section class=\"wpb-content-wrapper\"><section data-vc-full-width=\"true\" data-vc-full-width-init=\"false\" class=\"vc_section vc_custom_1548959383669 vc_section-has-fill text-align-center-md-sm-ms\"><div class=\"vc_row wpb_row vc_row-fluid\"><div class=\"wpb_column vc_column_container vc_col-sm-12 vc_hidden-sm vc_hidden-xs\"><div class=\"vc_column-inner\"><div class=\"wpb_wrapper\"><div class=\"es-resp\">\t<div class=\"visible-xl\" style=\"height: 30px;\"><\/div>\t<div class=\"hidden-xl hidden-md hidden-sm hidden-ms hidden-xs\" style=\"height: 30px;\"><\/div>\t<div class=\"visible-md\" style=\"height: 100px;\"><\/div>\t<div class=\"visible-sm\" style=\"height: 100px;\"><\/div>\t<div class=\"visible-ms\" style=\"height: 100px;\"><\/div>\t<div class=\"visible-xs\" style=\"height: 100px;\"><\/div><\/div><\/div><\/div><\/div><\/div><div class=\"vc_row wpb_row vc_row-fluid text-align-center-md-sm-ms\"><div class=\"wpb_animate_when_almost_visible wpb_fadeInLeft fadeInLeft wpb_column vc_column_container vc_col-sm-12 vc_col-lg-6 vc_hidden-sm vc_hidden-xs\"><div class=\"vc_column-inner\"><div class=\"wpb_wrapper\"><div class=\"heading  header-subheader align-left color-black subcolor-main transform-default has-subheader theme-icon-second icon-type-default   vc_custom_1657548463938 heading-tag-h1\" id=\"like_sc_header_1119005755\"><h2 class=\"subheader ltx-sr-id-like_sc_header_1119005755194561530 ltx-sr ltx-sr-effect-fade_in ltx-sr-el-block ltx-sr-delay-100 ltx-sr-duration-300 ltx-sr-sequences-50\">Stefano Anselmo<\/h2><h1 class=\"header ltx-sr-id-like_sc_header_11190057551933913392 ltx-sr ltx-sr-effect-fade_in ltx-sr-el-block ltx-sr-delay-0 ltx-sr-duration-1000 ltx-sr-sequences-0\">BIOGRAPHY<\/h1><\/div><div class=\"ltx-content-width col-align-left\" id=\"like_sc_content_width_1161236853\" style=\"max-width: 620px\"><div class=\"ltx-wrapper\">\n\t<div class=\"wpb_text_column wpb_content_element\" >\n\t\t<div class=\"wpb_wrapper\">\n\t\t\t<p><span style=\"font-weight: 400;\">Stefano Anselmo practices in multiple fields of fashion, alongside top designers in the \"Pr\u00e8t \u00e0 Porter\" fashion shows in Florence and haute couture in Milan and Rome. <\/span><span style=\"font-weight: 400;\">\u00a0He collaborates with the best-known magazines and advertising agencies, signing print and TV campaigns, all the way to discography. His are the maquillages of Mina's crazy covers, the countless looks of the fatal Anna Oxa, the special effects of numerous commercials.<\/span><span style=\"font-weight: 400;\"><br \/>\n<\/span><span style=\"font-weight: 400;\"><br \/>\n<\/span><span style=\"font-weight: 400;\">He is the author of more than fifteen books, mostly educational, adopted by the best schools in Italy.<\/span><span style=\"font-weight: 400;\"><br \/>\n<\/span><span style=\"font-weight: 400;\">His best-known textbook, \"Becoming Make-Up Experts,\" which is also used by hundreds of professionals, is constantly evolving, always remaining the absolute industry reference. Its latest version, \"Becoming Make-Up Experts,\" also contains multimedia contributions.<\/span><span style=\"font-weight: 400;\"><\/p>\n<p><\/span><\/p>\n<p><span style=\"font-weight: 400;\">After starting several training centers, he opened the Stefano Anselmo Academy in recent years. He is also a founding member and secretary of C.O.S.A., Center for African Studies Orientation.<\/span><span style=\"font-weight: 400;\"><br \/>\n<\/span><span style=\"font-weight: 400;\"><br \/>\n<\/span><span style=\"font-weight: 400;\">After serving as Education and Artistic Director of Italy's leading schools, he now runs his \"Stefano Anselmo Academy,\" an international training athenaeum based in Milan with partners throughout Italy.<\/span><\/p>\n<p><span style=\"font-weight: 400;\">Teacher almost by vocation, he has worked in many countries in Europe, the Middle East, Africa and the United States. Hundreds of makeup artists have emerged from his School, many of whom are now esteemed professionals in Europe, America and Asia. <\/span><\/p>\n\n\t\t<\/div>\n\t<\/div>\n\n\t<div  class=\"wpb_single_image wpb_content_element vc_align_center\">\n\t\t\n\t\t<figure class=\"wpb_wrapper vc_figure\">\n\t\t\t<div class=\"vc_single_image-wrapper   vc_box_border_grey\"><img width=\"1500\" height=\"1208\" src=\"https:\/\/www.accademiastefanoanselmo.com\/wp-content\/uploads\/2021\/11\/bio.jpg\" class=\"vc_single_image-img attachment-full\" alt=\"\" loading=\"lazy\" title=\"bio\" srcset=\"https:\/\/www.accademiastefanoanselmo.com\/wp-content\/uploads\/2021\/11\/bio.jpg 1500w, https:\/\/www.accademiastefanoanselmo.com\/wp-content\/uploads\/2021\/11\/bio-300x242.jpg 300w, https:\/\/www.accademiastefanoanselmo.com\/wp-content\/uploads\/2021\/11\/bio-1024x825.jpg 1024w, https:\/\/www.accademiastefanoanselmo.com\/wp-content\/uploads\/2021\/11\/bio-768x618.jpg 768w, https:\/\/www.accademiastefanoanselmo.com\/wp-content\/uploads\/2021\/11\/bio-125x101.jpg 125w\" sizes=\"(max-width: 1500px) 100vw, 1500px\" \/><\/div>\n\t\t<\/figure>\n\t<\/div>\n<\/div><\/div><\/div><\/div><\/div><div class=\"wpb_animate_when_almost_visible wpb_fadeInRight fadeInRight wpb_column vc_column_container vc_col-sm-12 vc_col-lg-6 vc_hidden-sm vc_hidden-xs\"><div class=\"vc_column-inner\"><div class=\"wpb_wrapper\">\n\t<div  class=\"wpb_single_image wpb_content_element vc_align_left\">\n\t\t\n\t\t<figure class=\"wpb_wrapper vc_figure\">\n\t\t\t<div class=\"vc_single_image-wrapper   vc_box_border_grey\"><img width=\"1500\" height=\"1208\" src=\"https:\/\/www.accademiastefanoanselmo.com\/wp-content\/uploads\/2021\/10\/Mina.jpg\" class=\"vc_single_image-img attachment-full\" alt=\"\" loading=\"lazy\" title=\"Mina\" srcset=\"https:\/\/www.accademiastefanoanselmo.com\/wp-content\/uploads\/2021\/10\/Mina.jpg 1500w, https:\/\/www.accademiastefanoanselmo.com\/wp-content\/uploads\/2021\/10\/Mina-300x242.jpg 300w, https:\/\/www.accademiastefanoanselmo.com\/wp-content\/uploads\/2021\/10\/Mina-1024x825.jpg 1024w, https:\/\/www.accademiastefanoanselmo.com\/wp-content\/uploads\/2021\/10\/Mina-768x618.jpg 768w, https:\/\/www.accademiastefanoanselmo.com\/wp-content\/uploads\/2021\/10\/Mina-125x101.jpg 125w\" sizes=\"(max-width: 1500px) 100vw, 1500px\" \/><\/div>\n\t\t<\/figure>\n\t<\/div>\n<div class=\"es-resp\">\t<div class=\"visible-xl\" style=\"height: 0px;\"><\/div>\t<div class=\"hidden-xl hidden-md hidden-sm hidden-ms hidden-xs\" style=\"height: 0px;\"><\/div>\t<div class=\"visible-md\" style=\"height: 64px;\"><\/div>\t<div class=\"visible-sm\" style=\"height: 64px;\"><\/div>\t<div class=\"visible-ms\" style=\"height: 64px;\"><\/div>\t<div class=\"visible-xs\" style=\"height: 64px;\"><\/div><\/div>\n\t<div class=\"wpb_text_column wpb_content_element\" >\n\t\t<div class=\"wpb_wrapper\">\n\t\t\t<p>Stefano Anselmo boasts over two hundred articles written for the major magazines in the sector: Les Nouvelles, Estethiques, Salon, La Pelle Beauty, Esthetitaly, Fashion where he entertains readers by treating Make-Up, fashion and everything related to the world of 'image. He is also the author of several book publications, mostly technical, on Make-Up and on Africa. He is present, with his videos, reports at the L.N.E. in the world: Italy, Austria France, Israel, Portugal, Russia, Senegal, Spain, United States, Switzerland. Passionate researcher on cosmetic uses, he spoke as sole speaker at the seminar on \"cosmetic uses and hairstyles in ancient Egypt\" on the occasion of the Genoa Science Festival and at the University of Trieste, as part of the Casa della Vita.<\/p>\n<p>&nbsp;<\/p>\n\n\t\t<\/div>\n\t<\/div>\n<div class=\"btn-wrap\"><a href=\"https:\/\/www.accademiastefanoanselmo.com\/metodo-stefano-anselmo\/\" class=\"btn  btn-main color-hover-default\" id=\"like_sc_button_1477035660\">Scopri il metodo Stefano Anselmo<\/a><\/div><\/div><\/div><\/div><\/div><div class=\"vc_row wpb_row vc_row-fluid text-align-center-md-sm-ms\"><div class=\"wpb_animate_when_almost_visible wpb_fadeInLeft fadeInLeft wpb_column vc_column_container vc_col-sm-12 vc_col-lg-6 vc_hidden-lg vc_hidden-md\"><div class=\"vc_column-inner\"><div class=\"wpb_wrapper\"><div class=\"heading  header-subheader align-left color-black subcolor-main transform-default has-subheader theme-icon-second icon-type-default   vc_custom_1635762010594 heading-tag-h2\" id=\"like_sc_header_1596506197\"><h2 class=\"subheader ltx-sr-id-like_sc_header_15965061971418310756 ltx-sr ltx-sr-effect-fade_in ltx-sr-el-block ltx-sr-delay-100 ltx-sr-duration-300 ltx-sr-sequences-50\">Stefano Anselmo<\/h2><h2 class=\"header ltx-sr-id-like_sc_header_15965061972093553458 ltx-sr ltx-sr-effect-fade_in ltx-sr-el-block ltx-sr-delay-0 ltx-sr-duration-1000 ltx-sr-sequences-0\">BIOGRAPHY<\/h2><\/div><div class=\"ltx-content-width col-align-left\" id=\"like_sc_content_width_426656291\" style=\"max-width: 620px\"><div class=\"ltx-wrapper\">\n\t<div class=\"wpb_text_column wpb_content_element\" >\n\t\t<div class=\"wpb_wrapper\">\n\t\t\t<p><span style=\"font-weight: 400;\">Stefano Anselmo practices in multiple fields of fashion, alongside top designers in the \"Pr\u00e8t \u00e0 Porter\" fashion shows in Florence and haute couture in Milan and Rome. <\/span><span style=\"font-weight: 400;\">\u00a0He collaborates with the best-known magazines and advertising agencies, signing print and TV campaigns, all the way to discography. His are the maquillages of Mina's crazy covers, the countless looks of the fatal Anna Oxa, the special effects of numerous commercials.<\/span><span style=\"font-weight: 400;\"><br \/>\n<\/span><span style=\"font-weight: 400;\"><br \/>\n<\/span><span style=\"font-weight: 400;\">He is the author of more than fifteen books, mostly educational, adopted by the best schools in Italy.<\/span><span style=\"font-weight: 400;\"><br \/>\n<\/span><span style=\"font-weight: 400;\">His best-known textbook, \"Becoming Make-Up Experts,\" which is also used by hundreds of professionals, is constantly evolving, always remaining the absolute industry reference. Its latest version, \"Becoming Make-Up Experts,\" also contains multimedia contributions.<\/span><span style=\"font-weight: 400;\"><\/p>\n<p><\/span><\/p>\n<p><span style=\"font-weight: 400;\">After starting several training centers, he opened the Stefano Anselmo Academy in recent years. He is also a founding member and secretary of C.O.S.A., Center for African Studies Orientation.<\/span><span style=\"font-weight: 400;\"><br \/>\n<\/span><span style=\"font-weight: 400;\"><br \/>\n<\/span><span style=\"font-weight: 400;\">After serving as Education and Artistic Director of Italy's leading schools, he now runs his \"Stefano Anselmo Academy,\" an international training athenaeum based in Milan with partners throughout Italy.<\/span><\/p>\n<p><span style=\"font-weight: 400;\">Teacher almost by vocation, he has worked in many countries in Europe, the Middle East, Africa and the United States. Hundreds of makeup artists have emerged from his School, many of whom are now esteemed professionals in Europe, America and Asia.<\/span><\/p>\n\n\t\t<\/div>\n\t<\/div>\n\n\t<div  class=\"wpb_single_image wpb_content_element vc_align_left\">\n\t\t\n\t\t<figure class=\"wpb_wrapper vc_figure\">\n\t\t\t<div class=\"vc_single_image-wrapper   vc_box_border_grey\"><img width=\"1500\" height=\"1208\" src=\"https:\/\/www.accademiastefanoanselmo.com\/wp-content\/uploads\/2021\/10\/Mina.jpg\" class=\"vc_single_image-img attachment-full\" alt=\"\" loading=\"lazy\" title=\"Mina\" srcset=\"https:\/\/www.accademiastefanoanselmo.com\/wp-content\/uploads\/2021\/10\/Mina.jpg 1500w, https:\/\/www.accademiastefanoanselmo.com\/wp-content\/uploads\/2021\/10\/Mina-300x242.jpg 300w, https:\/\/www.accademiastefanoanselmo.com\/wp-content\/uploads\/2021\/10\/Mina-1024x825.jpg 1024w, https:\/\/www.accademiastefanoanselmo.com\/wp-content\/uploads\/2021\/10\/Mina-768x618.jpg 768w, https:\/\/www.accademiastefanoanselmo.com\/wp-content\/uploads\/2021\/10\/Mina-125x101.jpg 125w\" sizes=\"(max-width: 1500px) 100vw, 1500px\" \/><\/div>\n\t\t<\/figure>\n\t<\/div>\n<\/div><\/div><\/div><\/div><\/div><div class=\"wpb_animate_when_almost_visible wpb_fadeInRight fadeInRight wpb_column vc_column_container vc_col-sm-12 vc_col-lg-6 vc_hidden-lg vc_hidden-md\"><div class=\"vc_column-inner\"><div class=\"wpb_wrapper\">\n\t<div class=\"wpb_text_column wpb_content_element\" >\n\t\t<div class=\"wpb_wrapper\">\n\t\t\t<p>Stefano Anselmo boasts over two hundred articles written for the major magazines in the sector: Les Nouvelles, Estethiques, Salon, La Pelle Beauty, Esthetitaly, Fashion where he entertains readers by treating Make-Up, fashion and everything related to the world of 'image. He is also the author of several book publications, mostly technical, on Make-Up and on Africa. He is present, with his videos, reports at the L.N.E. in the world: Italy, Austria France, Israel, Portugal, Russia, Senegal, Spain, United States, Switzerland. Passionate researcher on cosmetic uses, he spoke as sole speaker at the seminar on \"cosmetic uses and hairstyles in ancient Egypt\" on the occasion of the Genoa Science Festival and at the University of Trieste, as part of the Casa della Vita.<\/p>\n\n\t\t<\/div>\n\t<\/div>\n\n\t<div  class=\"wpb_single_image wpb_content_element vc_align_center\">\n\t\t\n\t\t<figure class=\"wpb_wrapper vc_figure\">\n\t\t\t<div class=\"vc_single_image-wrapper   vc_box_border_grey\"><img width=\"445\" height=\"333\" src=\"https:\/\/www.accademiastefanoanselmo.com\/wp-content\/uploads\/2021\/10\/cache_59028087.jpg\" class=\"vc_single_image-img attachment-full\" alt=\"\" loading=\"lazy\" title=\"cache_59028087\" srcset=\"https:\/\/www.accademiastefanoanselmo.com\/wp-content\/uploads\/2021\/10\/cache_59028087.jpg 445w, https:\/\/www.accademiastefanoanselmo.com\/wp-content\/uploads\/2021\/10\/cache_59028087-300x224.jpg 300w, https:\/\/www.accademiastefanoanselmo.com\/wp-content\/uploads\/2021\/10\/cache_59028087-125x94.jpg 125w\" sizes=\"(max-width: 445px) 100vw, 445px\" \/><\/div>\n\t\t<\/figure>\n\t<\/div>\n<\/div><\/div><\/div><\/div><div class=\"vc_row wpb_row vc_row-fluid\"><div class=\"wpb_column vc_column_container vc_col-sm-12\"><div class=\"vc_column-inner\"><div class=\"wpb_wrapper\"><div class=\"es-resp\">\t<div class=\"visible-xl\" style=\"height: 130px;\"><\/div>\t<div class=\"hidden-xl hidden-md hidden-sm hidden-ms hidden-xs\" style=\"height: 130px;\"><\/div>\t<div class=\"visible-md\" style=\"height: 100px;\"><\/div>\t<div class=\"visible-sm\" style=\"height: 100px;\"><\/div>\t<div class=\"visible-ms\" style=\"height: 100px;\"><\/div>\t<div class=\"visible-xs\" style=\"height: 100px;\"><\/div><\/div><\/div><\/div><\/div><\/div><\/section><div class=\"vc_row-full-width vc_clearfix\"><\/div>\n<\/section>","protected":false},"excerpt":{"rendered":"Stefano AnselmoBIOGRAFIA Stefano Anselmo esercita la sua attivit\u00e0 in molteplici campi della moda, al fianco dei migliori stilisti nelle sfilate del \u201cPr\u00e8t \u00e0 Porter\u201d di Firenze e dell\u2019alta moda di Milano e Roma. \u00a0Collabora con le pi\u00f9 note riviste e agenzie pubblicitarie, firmando campagne stampa e televisive, fino alla discografia. Suoi sono i maquillage delle folli copertine di Mina, gli innumerevoli look della fatale Anna Oxa, gli effetti speciali di numerosi spot pubblicitari. \u00c8 autore di oltre quindici libri, per lo pi\u00f9 didattici, adottati dalle migliori scuole d'Italia. Il suo pi\u00f9 noto libro di testo \u201cDiventare esperti di Trucco\u201d, utilizzato anche da centinaia di professionisti, \u00e8 in costante evoluzione, mantenendosi sempre l\u2019assoluto riferimento del settore. La sua ultima versione, \u201cDiventare Esperti di Make-Up\u201c, contiene anche contributi multimediali. Dopo aver dato vita a diversi centri di formazione, negli ultimi anni ha aperto l'Accademia Stefano Anselmo. \u00c8 anche membro fondatore e segretario [...]","protected":false},"author":1,"featured_media":0,"parent":0,"menu_order":0,"comment_status":"closed","ping_status":"closed","template":"page-templates\/full-width.php","meta":{"_links_to":"","_links_to_target":""},"yoast_head":"<!-- This site is optimized with the Yoast SEO plugin v20.3 - https:\/\/yoast.com\/wordpress\/plugins\/seo\/ -->\n<title>Chi \u00e8 Stefano Anselmo: biografia e metodo | ASA<\/title>\n<meta name=\"description\" content=\"Leggi la biografia di Stefano Anselmo. Carriera, curiosit\u00e0 e tutto quello che c&#039;\u00e8 da sapere sul fondatore dell&#039;Accademia Stefano Anselmo.\" \/>\n<meta name=\"robots\" content=\"index, follow, max-snippet:-1, max-image-preview:large, max-video-preview:-1\" \/>\n<link rel=\"canonical\" href=\"https:\/\/www.accademiastefanoanselmo.com\/en\/biografia-stefano-anselmo\/\" \/>\n<meta property=\"og:locale\" content=\"en_US\" \/>\n<meta property=\"og:type\" content=\"article\" \/>\n<meta property=\"og:title\" content=\"Chi \u00e8 Stefano Anselmo: biografia e metodo | ASA\" \/>\n<meta property=\"og:description\" content=\"Leggi la biografia di Stefano Anselmo. Carriera, curiosit\u00e0 e tutto quello che c&#039;\u00e8 da sapere sul fondatore dell&#039;Accademia Stefano Anselmo.\" \/>\n<meta property=\"og:url\" content=\"https:\/\/www.accademiastefanoanselmo.com\/en\/biografia-stefano-anselmo\/\" \/>\n<meta property=\"og:site_name\" content=\"Accademia Stefano Anselmo\" \/>\n<meta property=\"article:modified_time\" content=\"2022-08-25T03:46:10+00:00\" \/>\n<meta name=\"twitter:card\" content=\"summary_large_image\" \/>\n<meta name=\"twitter:label1\" content=\"Est. reading time\" \/>\n\t<meta name=\"twitter:data1\" content=\"5 minutes\" \/>\n<script type=\"application\/ld+json\" class=\"yoast-schema-graph\">{\"@context\":\"https:\/\/schema.org\",\"@graph\":[{\"@type\":\"WebPage\",\"@id\":\"https:\/\/www.accademiastefanoanselmo.com\/biografia-stefano-anselmo\/\",\"url\":\"https:\/\/www.accademiastefanoanselmo.com\/biografia-stefano-anselmo\/\",\"name\":\"Chi \u00e8 Stefano Anselmo: biografia e metodo | ASA\",\"isPartOf\":{\"@id\":\"https:\/\/www.accademiastefanoanselmo.com\/#website\"},\"datePublished\":\"2021-10-10T00:04:52+00:00\",\"dateModified\":\"2022-08-25T03:46:10+00:00\",\"description\":\"Leggi la biografia di Stefano Anselmo. Carriera, curiosit\u00e0 e tutto quello che c'\u00e8 da sapere sul fondatore dell'Accademia Stefano Anselmo.\",\"breadcrumb\":{\"@id\":\"https:\/\/www.accademiastefanoanselmo.com\/biografia-stefano-anselmo\/#breadcrumb\"},\"inLanguage\":\"en-US\",\"potentialAction\":[{\"@type\":\"ReadAction\",\"target\":[\"https:\/\/www.accademiastefanoanselmo.com\/biografia-stefano-anselmo\/\"]}]},{\"@type\":\"BreadcrumbList\",\"@id\":\"https:\/\/www.accademiastefanoanselmo.com\/biografia-stefano-anselmo\/#breadcrumb\",\"itemListElement\":[{\"@type\":\"ListItem\",\"position\":1,\"name\":\"Home\",\"item\":\"https:\/\/www.accademiastefanoanselmo.com\/\"},{\"@type\":\"ListItem\",\"position\":2,\"name\":\"Biografia Stefano Anselmo\"}]},{\"@type\":\"WebSite\",\"@id\":\"https:\/\/www.accademiastefanoanselmo.com\/#website\",\"url\":\"https:\/\/www.accademiastefanoanselmo.com\/\",\"name\":\"Accademia Stefano Anselmo\",\"description\":\"Accademia Stefano Anselmo \u00e8 l\u2019Accademia di make up per eccellenza, fondata dal Maestro Stefano Anselmo pi\u00f9 di 50 anni fa a Milano. I corsi di trucco si basano esclusivamente sul &quot;Metodo Stefano Anselmo \u00a9&quot;, in particolare il corso makeup annuale \u00e8 un mix tra trucco beauty, trucco sposa, teatrale, artistico, cine tv, digital make up ed hair design.\",\"potentialAction\":[{\"@type\":\"SearchAction\",\"target\":{\"@type\":\"EntryPoint\",\"urlTemplate\":\"https:\/\/www.accademiastefanoanselmo.com\/?s={search_term_string}\"},\"query-input\":\"required name=search_term_string\"}],\"inLanguage\":\"en-US\"}]}<\/script>\n<!-- \/ Yoast SEO plugin. -->","yoast_head_json":{"title":"Chi \u00e8 Stefano Anselmo: biografia e metodo | ASA","description":"Leggi la biografia di Stefano Anselmo. Carriera, curiosit\u00e0 e tutto quello che c'\u00e8 da sapere sul fondatore dell'Accademia Stefano Anselmo.","robots":{"index":"index","follow":"follow","max-snippet":"max-snippet:-1","max-image-preview":"max-image-preview:large","max-video-preview":"max-video-preview:-1"},"canonical":"https:\/\/www.accademiastefanoanselmo.com\/en\/biografia-stefano-anselmo\/","og_locale":"en_US","og_type":"article","og_title":"Chi \u00e8 Stefano Anselmo: biografia e metodo | ASA","og_description":"Leggi la biografia di Stefano Anselmo. Carriera, curiosit\u00e0 e tutto quello che c'\u00e8 da sapere sul fondatore dell'Accademia Stefano Anselmo.","og_url":"https:\/\/www.accademiastefanoanselmo.com\/en\/biografia-stefano-anselmo\/","og_site_name":"Accademia Stefano Anselmo","article_modified_time":"2022-08-25T03:46:10+00:00","twitter_card":"summary_large_image","twitter_misc":{"Est. reading time":"5 minutes"},"schema":{"@context":"https:\/\/schema.org","@graph":[{"@type":"WebPage","@id":"https:\/\/www.accademiastefanoanselmo.com\/biografia-stefano-anselmo\/","url":"https:\/\/www.accademiastefanoanselmo.com\/biografia-stefano-anselmo\/","name":"Chi \u00e8 Stefano Anselmo: biografia e metodo | ASA","isPartOf":{"@id":"https:\/\/www.accademiastefanoanselmo.com\/#website"},"datePublished":"2021-10-10T00:04:52+00:00","dateModified":"2022-08-25T03:46:10+00:00","description":"Leggi la biografia di Stefano Anselmo. Carriera, curiosit\u00e0 e tutto quello che c'\u00e8 da sapere sul fondatore dell'Accademia Stefano Anselmo.","breadcrumb":{"@id":"https:\/\/www.accademiastefanoanselmo.com\/biografia-stefano-anselmo\/#breadcrumb"},"inLanguage":"en-US","potentialAction":[{"@type":"ReadAction","target":["https:\/\/www.accademiastefanoanselmo.com\/biografia-stefano-anselmo\/"]}]},{"@type":"BreadcrumbList","@id":"https:\/\/www.accademiastefanoanselmo.com\/biografia-stefano-anselmo\/#breadcrumb","itemListElement":[{"@type":"ListItem","position":1,"name":"Home","item":"https:\/\/www.accademiastefanoanselmo.com\/"},{"@type":"ListItem","position":2,"name":"Biografia Stefano Anselmo"}]},{"@type":"WebSite","@id":"https:\/\/www.accademiastefanoanselmo.com\/#website","url":"https:\/\/www.accademiastefanoanselmo.com\/","name":"Accademia Stefano Anselmo","description":"Accademia Stefano Anselmo \u00e8 l\u2019Accademia di make up per eccellenza, fondata dal Maestro Stefano Anselmo pi\u00f9 di 50 anni fa a Milano. I corsi di trucco si basano esclusivamente sul &quot;Metodo Stefano Anselmo \u00a9&quot;, in particolare il corso makeup annuale \u00e8 un mix tra trucco beauty, trucco sposa, teatrale, artistico, cine tv, digital make up ed hair design.","potentialAction":[{"@type":"SearchAction","target":{"@type":"EntryPoint","urlTemplate":"https:\/\/www.accademiastefanoanselmo.com\/?s={search_term_string}"},"query-input":"required name=search_term_string"}],"inLanguage":"en-US"}]}},"blog_post_layout_featured_media_urls":{"thumbnail":"","full":""},"categories_names":null,"comments_number":"0","_links":{"self":[{"href":"https:\/\/www.accademiastefanoanselmo.com\/en\/wp-json\/wp\/v2\/pages\/9000"}],"collection":[{"href":"https:\/\/www.accademiastefanoanselmo.com\/en\/wp-json\/wp\/v2\/pages"}],"about":[{"href":"https:\/\/www.accademiastefanoanselmo.com\/en\/wp-json\/wp\/v2\/types\/page"}],"author":[{"embeddable":true,"href":"https:\/\/www.accademiastefanoanselmo.com\/en\/wp-json\/wp\/v2\/users\/1"}],"replies":[{"embeddable":true,"href":"https:\/\/www.accademiastefanoanselmo.com\/en\/wp-json\/wp\/v2\/comments?post=9000"}],"version-history":[{"count":1,"href":"https:\/\/www.accademiastefanoanselmo.com\/en\/wp-json\/wp\/v2\/pages\/9000\/revisions"}],"predecessor-version":[{"id":11455,"href":"https:\/\/www.accademiastefanoanselmo.com\/en\/wp-json\/wp\/v2\/pages\/9000\/revisions\/11455"}],"wp:attachment":[{"href":"https:\/\/www.accademiastefanoanselmo.com\/en\/wp-json\/wp\/v2\/media?parent=9000"}],"curies":[{"name":"wp","href":"https:\/\/api.w.org\/{rel}","templated":true}]}}